{"id":2,"date":"2020-11-30T17:07:49","date_gmt":"2020-11-30T17:07:49","guid":{"rendered":"http:\/\/radiocriconline.com\/?page_id=2"},"modified":"2023-12-21T01:36:29","modified_gmt":"2023-12-21T01:36:29","slug":"pagina-ejemplo","status":"publish","type":"page","link":"https:\/\/radiocriconline.com\/","title":{"rendered":"Radio en vivo"},"content":{"rendered":"\n<!-- Inicio. radio hosting USAstreams.com html5 player -->\n<!-- Licencia: GRATIS-XDF4543ERF -->\n<iframe loading=\"lazy\" name=\"contenedorPlayer\" class=\"cuadroBordeado\" allow=\"autoplay\" marginwidth=\"0\" marginheight=\"0\" hspace=\"0\" vspace=\"0\" scrolling=\"no\" src=\"https:\/\/cp.usastreams.com\/pr2g\/APPlayerRadioHTML5.aspx?stream=https:\/\/stream20.usastreams.com\/8040\/stream&amp;fondo=05&amp;formato=mpeg&amp;color=14&amp;titulo=2&amp;autoStart=1&amp;vol=5&amp;tipo=201&amp;nombre=Radio+crionline&amp;imagen=https:\/\/cp.usastreams.com\/playerHTML5\/img\/cover.png&amp;server=https:\/\/stream20.usastreams.com\/status.xslCHUMILLASmount=\/8040\/status.xslCHUMILLASmount=\/stream\" width=\"100%\" height=\"75px\" frameborder=\"0\"><\/iframe>\n<!-- En players responsive puede modificar el weight a sus necesidades, Por favor no modifique el resto del codigo para poder seguir ofreciendo este servicio gratis  -->\n<!-- Fin. USAstreams.com html5 player -->\n<div style=\"opacity:0; position:absolute;\">How to press hemp seeds for gummie?<a href=\"https:\/\/premiumjane.com.au\/hemp-gummies\/lime-hemp-gummies-1500-mg\/\">hemp gummies 1500 mg<\/a> at premium jane<\/div>\n\n<div style=\"position:absolute; left:-90673px;\">\nCette revue du <a href=\"https:\/\/www.casinosfrancaisenligne.fr\/arlequin-casino\/\">Arlequin Casino France<\/a> comprendra une revue compl\u00e8te de ce casino en ligne absolument fantastique. C&#8217;\u00e9tait l&#8217;un de nos caisnos pr\u00e9f\u00e9r\u00e9s absolus \u00e0 revoir, car le support client \u00e9tait super sympa et connaissable. Cet \u00e9tablissement de casino utilise la technologie la plus r\u00e9cente pour pouvoir offrir \u00e0 ses joueurs la meilleure exp\u00e9rience de jeu possible, et le plus cool est que le caisno n&#8217;a aucune exigence de mise en ce qui concerne ses bonus et ses promotions.\n\nCe casino en ligne sait comment traiter ses joueurs VIP et High Rollers. Ils vous envoient un cadeau une fois que vous avez \u00e9t\u00e9 approuv\u00e9 en tant que joueur VIP, puis vous aurez un gestionnaire de compte d\u00e9di\u00e9 ou un gestionnaire VIP qui s&#8217;assurera que vous aurez tout ce dont vous avez besoin.\n<\/div>\n\n\n<iframe loading=\"lazy\" src=\"https:\/\/podcasters.spotify.com\/pod\/show\/mmarquez\/embed\/episodes\/Miscelneas-musicales-y-culturales---Mircoles-20-de-Diciembre-del-2023-e2dgodu\" height=\"102px\" width=\"750px\" frameborder=\"0\" scrolling=\"no\"><\/iframe>\n\n<iframe loading=\"lazy\" src=\"https:\/\/podcasters.spotify.com\/pod\/show\/mmarquez\/embed\/episodes\/Miscelneas-musicales-y-culturales---Mircoles-13-de-Diciembre-del-2023-e2d94iu\" height=\"102px\" width=\"750px\" frameborder=\"0\" scrolling=\"no\"><\/iframe>\n\n<iframe loading=\"lazy\" src=\"https:\/\/podcasters.spotify.com\/pod\/show\/mmarquez\/embed\/episodes\/Miscelneas-musicales-y-culturales---Mircoles-06-de-Diciembre-del-2023-e2cuvl5\" height=\"102px\" width=\"750px\" frameborder=\"0\" scrolling=\"no\"><\/iframe>\n\n\n<iframe loading=\"lazy\" src=\"https:\/\/podcasters.spotify.com\/pod\/show\/mmarquez\/embed\/episodes\/Miscelneas-musicales-y-culturales---Mircoles-29-de-Noviembre-del-2023-e2cj759\" height=\"102px\" width=\"750px\" frameborder=\"0\" scrolling=\"no\"><\/iframe>\n\n<iframe loading=\"lazy\" src=\"https:\/\/podcasters.spotify.com\/pod\/show\/mmarquez\/embed\/episodes\/Miscelneas-musicales-y-culturales---Mircoles-15-de-Noviembre-del-2023-e2c085o\" height=\"102px\" width=\"750px\" frameborder=\"0\" scrolling=\"no\"><\/iframe>\n\n\n\n\n\n<p><\/p>\n\n\n<p><\/p>\n<div style=\"position: absolute; left: -24041px;\">\n<h2>Do you think CBD pills are a good way to consume CBD?<\/h2>\n<p>There are pros and cons to taking <a href=\"https:\/\/premiumjane.com\/capsules-pills\/\" target=\"_blank\" rel=\"noopener\">cbd pills<\/a> as a way to consume CBD. On the one hand, CBD pills offer a convenient way to take CBD, especially if you&#8217;re travelling or on the go.<\/p>\n<p><\/p>\n<\/div>\n<div style=\"position: absolute; left: -24041px;\">\n<h2>Can you overdose on CBD gummies?<\/h2>\n<p>It is highly unlikely that you could overdose on <a href=\"https:\/\/purekana.com\/collections\/cbd-gummies\/\" target=\"_blank\" rel=\"noopener\">cbd gummies<\/a> , as they typically contain very low levels of CBD. Even if you ate dozens of them, the amount of CBD you would consume would be negligible in comparison to the amount that could be potentially harmful.<\/p>\n<p><\/p>\n<\/div>\n<div style=\"position: absolute; left: -24041px;\">\n<h2>What is the process of getting a medical marijuana card in Delaware?<\/h2>\n<p>The process of getting a <a href=\"https:\/\/wayofleaf.com\/mmj-cards\/state\/medical-marijuana-card-delaware\" target=\"_blank\" rel=\"noopener\">delaware medical marijuanas card<\/a> is relatively straightforward. You just need to be a resident of Delaware and have a qualifying condition.<\/p>\n<p><\/p>\n<\/div>","protected":false},"excerpt":{"rendered":"<p>How to press hemp seeds for gummie?hemp gummies 1500 mg at premium jane Cette revue du Arlequin Casino France comprendra [&hellip;]<\/p>\n","protected":false},"author":1,"featured_media":0,"parent":0,"menu_order":0,"comment_status":"closed","ping_status":"open","template":"","meta":{"footnotes":""},"class_list":["post-2","page","type-page","status-publish","hentry"],"_links":{"self":[{"href":"https:\/\/radiocriconline.com\/index.php\/wp-json\/wp\/v2\/pages\/2","targetHints":{"allow":["GET"]}}],"collection":[{"href":"https:\/\/radiocriconline.com\/index.php\/wp-json\/wp\/v2\/pages"}],"about":[{"href":"https:\/\/radiocriconline.com\/index.php\/wp-json\/wp\/v2\/types\/page"}],"author":[{"embeddable":true,"href":"https:\/\/radiocriconline.com\/index.php\/wp-json\/wp\/v2\/users\/1"}],"replies":[{"embeddable":true,"href":"https:\/\/radiocriconline.com\/index.php\/wp-json\/wp\/v2\/comments?post=2"}],"version-history":[{"count":152,"href":"https:\/\/radiocriconline.com\/index.php\/wp-json\/wp\/v2\/pages\/2\/revisions"}],"predecessor-version":[{"id":2663,"href":"https:\/\/radiocriconline.com\/index.php\/wp-json\/wp\/v2\/pages\/2\/revisions\/2663"}],"wp:attachment":[{"href":"https:\/\/radiocriconline.com\/index.php\/wp-json\/wp\/v2\/media?parent=2"}],"curies":[{"name":"wp","href":"https:\/\/api.w.org\/{rel}","templated":true}]}}